{"id":4324,"date":"2022-02-01T23:12:22","date_gmt":"2022-02-01T23:12:22","guid":{"rendered":"http:\/\/stratcomdev.ca\/messagerie-textos\/"},"modified":"2024-07-02T18:38:13","modified_gmt":"2024-07-02T18:38:13","slug":"messagerie-textos","status":"publish","type":"page","link":"https:\/\/www.stratcom.ca\/fr\/messagerie-textos\/","title":{"rendered":"Messagerie texte"},"content":{"rendered":"\n<h1>\n\t\tMessagerie texte\n\t<\/h1>\n\t<p>Un outil important pour informer, mobiliser et passer \u00e0 l&rsquo;action<\/p>\n    <img decoding=\"async\" src=\"\/wp-content\/uploads\/2022\/06\/Home-icon.svg\" alt=\"\"\/>\n    <nav aria-label=\"Breadcrumb\">\n        <ol>\n        <li>\n          <a href=\"https:\/\/stratcom.ca\/\">Accueil<\/a>\n        <\/li>\n        <li>\n            \n        <\/li>\n      <\/ol>\n    <\/nav>\n\t<p>La messagerie texte devient rapidement un outil cl\u00e9 pour une grande vari\u00e9t\u00e9 d&rsquo;activit\u00e9s de mobilisation. Qu&rsquo;il s&rsquo;agisse de signer des p\u00e9titions, de r\u00e9colter de l&rsquo;argent ou de faire sortir le vote, les textos, Facebook Messenger et d&rsquo;autres formes de messagerie texte permettent d&rsquo;atteindre des publics que vous ne pouvez pas atteindre aussi efficacement par d&rsquo;autres moyens. Avec des taux de lecture atteignant souvent 98 % en 2 minutes, le texto p\u00e9n\u00e8tre comme aucun autre canal ne peut le faire.  <\/p>\n<p>Stratcom est fier de son association avec Prompt.io, une plateforme de messagerie texte de nouvelle g\u00e9n\u00e9ration qui vous permet de cr\u00e9er, d&rsquo;automatiser et de personnaliser des conversations qui approfondissent les relations, collectent des donn\u00e9es et d\u00e9clenchent l&rsquo;action.<\/p>\n<p>Largement sup\u00e9rieure aux plateformes de textos ant\u00e9rieures telles que Hustle, Prompt.io est une plateforme hautement personnalisable et riche en fonctionnalit\u00e9s qui permet aux utilisateurs de lancer des campagnes de textos automatis\u00e9es (A2P), de pair-\u00e0-pair (P2P) ou un hybride des deux. Vous pouvez aussi facilement configurer des r\u00e9ponses automatiques bas\u00e9es sur des mots-cl\u00e9s pour rationaliser le parcours des sympathisants.  Les autres caract\u00e9ristiques uniques de Prompt.io comprennent des \u00ab applications instantan\u00e9es \u00bb, des microsites faciles \u00e0 cr\u00e9er au sein de la plateforme Prompt.io pour faire passer les r\u00e9pondants du texte \u00e0 l&rsquo;Internet, et des int\u00e9grations avec un large \u00e9ventail de gestionnaires de base de clients et d&rsquo;applications, telles que NationBuilder, Blackbaud, Salesforce et Google Maps, pour une gestion transparente des donn\u00e9es et d&rsquo;autres fonctionnalit\u00e9s de pointe.<\/p>\n<h2>\n\t\tRejoignez-nous\n\t<\/h2>\n\t<p>Inscrivez-vous pour recevoir des nouvelles de notre \u00e9quipe.<\/p>\n\t<script>\nvar gform;gform||(document.addEventListener(\"gform_main_scripts_loaded\",function(){gform.scriptsLoaded=!0}),document.addEventListener(\"gform\/theme\/scripts_loaded\",function(){gform.themeScriptsLoaded=!0}),window.addEventListener(\"DOMContentLoaded\",function(){gform.domLoaded=!0}),gform={domLoaded:!1,scriptsLoaded:!1,themeScriptsLoaded:!1,isFormEditor:()=>\"function\"==typeof InitializeEditor,callIfLoaded:function(o){return!(!gform.domLoaded||!gform.scriptsLoaded||!gform.themeScriptsLoaded&&!gform.isFormEditor()||(gform.isFormEditor()&&console.warn(\"The use of gform.initializeOnLoaded() is deprecated in the form editor context and will be removed in Gravity Forms 3.1.\"),o(),0))},initializeOnLoaded:function(o){gform.callIfLoaded(o)||(document.addEventListener(\"gform_main_scripts_loaded\",()=>{gform.scriptsLoaded=!0,gform.callIfLoaded(o)}),document.addEventListener(\"gform\/theme\/scripts_loaded\",()=>{gform.themeScriptsLoaded=!0,gform.callIfLoaded(o)}),window.addEventListener(\"DOMContentLoaded\",()=>{gform.domLoaded=!0,gform.callIfLoaded(o)}))},hooks:{action:{},filter:{}},addAction:function(o,r,e,t){gform.addHook(\"action\",o,r,e,t)},addFilter:function(o,r,e,t){gform.addHook(\"filter\",o,r,e,t)},doAction:function(o){gform.doHook(\"action\",o,arguments)},applyFilters:function(o){return gform.doHook(\"filter\",o,arguments)},removeAction:function(o,r){gform.removeHook(\"action\",o,r)},removeFilter:function(o,r,e){gform.removeHook(\"filter\",o,r,e)},addHook:function(o,r,e,t,n){null==gform.hooks[o][r]&&(gform.hooks[o][r]=[]);var d=gform.hooks[o][r];null==n&&(n=r+\"_\"+d.length),gform.hooks[o][r].push({tag:n,callable:e,priority:t=null==t?10:t})},doHook:function(r,o,e){var t;if(e=Array.prototype.slice.call(e,1),null!=gform.hooks[r][o]&&((o=gform.hooks[r][o]).sort(function(o,r){return o.priority-r.priority}),o.forEach(function(o){\"function\"!=typeof(t=o.callable)&&(t=window[t]),\"action\"==r?t.apply(null,e):e[0]=t.apply(null,e)})),\"filter\"==r)return e[0]},removeHook:function(o,r,t,n){var e;null!=gform.hooks[o][r]&&(e=(e=gform.hooks[o][r]).filter(function(o,r,e){return!!(null!=n&&n!=o.tag||null!=t&&t!=o.priority)}),gform.hooks[o][r]=e)}});\n<\/script>\n\n                <div class='gf_browser_gecko gform_wrapper gravity-theme gform-theme--no-framework sc-form-container_wrapper' data-form-theme='gravity-theme' data-form-index='0' id='gform_wrapper_1' ><div id='gf_1' class='gform_anchor' tabindex='-1'><\/div>\n                        <div class='gform_heading'>\n                            <h2 class=\"gform_title\">Stratcom Newsletter Horizontal<\/h2>\n                            <p class='gform_description'><\/p>\n                        <\/div><form method='post' enctype='multipart\/form-data' target='gform_ajax_frame_1' id='gform_1' class='sc-form-container' action='\/fr\/wp-json\/wp\/v2\/pages\/4324#gf_1' data-formid='1' novalidate>\n                        <div class='gform-body gform_body'><div id='gform_fields_1' class='gform_fields top_label form_sublabel_below description_below validation_below'><div id=\"field_1_6\" class=\"gfield gfield--type-honeypot gform_validation_container field_sublabel_below gfield--has-description field_description_below field_validation_below gfield_visibility_visible\"  ><label class='gfield_label gform-field-label' for='input_1_6'>Instagram<\/label><div class='ginput_container'><input name='input_6' id='input_1_6' type='text' value='' autocomplete='new-password'\/><\/div><div class='gfield_description' id='gfield_description_1_6'>Ce champ n\u2019est utilis\u00e9 qu\u2019\u00e0 des fins de validation et devrait rester inchang\u00e9.<\/div><\/div><fieldset id=\"field_1_3\" class=\"gfield gfield--type-name gfield--width-full gfield_contains_required field_sublabel_hidden_label gfield--no-description field_description_below field_validation_below gfield_visibility_visible\"  ><legend class='gfield_label gform-field-label gfield_label_before_complex' >Nom complet<span class=\"gfield_required\"><span class=\"gfield_required gfield_required_text\">(N\u00e9cessaire)<\/span><\/span><\/legend><div class='ginput_complex ginput_container ginput_container--name no_prefix has_first_name no_middle_name no_last_name no_suffix gf_name_has_1 ginput_container_name gform-grid-row' id='input_1_3'>\n                            \n                            <span id='input_1_3_3_container' class='name_first gform-grid-col gform-grid-col--size-auto' >\n                                                    <input type='text' name='input_3.3' id='input_1_3_3' value=''   aria-required='true'     \/>\n                                                    <label for='input_1_3_3' class='gform-field-label gform-field-label--type-sub hidden_sub_label screen-reader-text'>Nom complet<\/label>\n                                                <\/span>\n                            \n                            \n                            \n                        <\/div><\/fieldset><div id=\"field_1_4\" class=\"gfield gfield--type-phone gfield--width-full field_sublabel_below gfield--no-description field_description_below field_validation_below gfield_visibility_visible\"  ><label class='gfield_label gform-field-label' for='input_1_4'>T\u00e9l\u00e9phone<\/label><div class='ginput_container ginput_container_phone'><input name='input_4' id='input_1_4' type='tel' value='' class='large'    aria-invalid=\"false\"   \/><\/div><\/div><div id=\"field_1_5\" class=\"gfield gfield--type-email gfield--width-full gfield_contains_required field_sublabel_below gfield--no-description field_description_below field_validation_below gfield_visibility_visible\"  ><label class='gfield_label gform-field-label' for='input_1_5'>Courriel<span class=\"gfield_required\"><span class=\"gfield_required gfield_required_text\">(N\u00e9cessaire)<\/span><\/span><\/label><div class='ginput_container ginput_container_email'>\n                            <input name='input_5' id='input_1_5' type='email' value='' class='large'    aria-required=\"true\" aria-invalid=\"false\"  \/>\n                        <\/div><\/div><\/div><\/div>\n        <div class='gform-footer gform_footer top_label'> <input type='submit' id='gform_submit_button_1' class='gform_button button' onclick='gform.submission.handleButtonClick(this);' data-submission-type='submit' value='Soumettre'  \/> <input type='hidden' name='gform_ajax' value='form_id=1&amp;title=1&amp;description=1&amp;tabindex=0&amp;theme=gravity-theme&amp;styles=[]&amp;hash=bd25f13963ac43cb3d5aadab95a260a0' \/>\n            <input type='hidden' class='gform_hidden' name='gform_submission_method' data-js='gform_submission_method_1' value='iframe' \/>\n            <input type='hidden' class='gform_hidden' name='gform_theme' data-js='gform_theme_1' id='gform_theme_1' value='gravity-theme' \/>\n            <input type='hidden' class='gform_hidden' name='gform_style_settings' data-js='gform_style_settings_1' id='gform_style_settings_1' value='[]' \/>\n            <input type='hidden' class='gform_hidden' name='is_submit_1' value='1' \/>\n            <input type='hidden' class='gform_hidden' name='gform_submit' value='1' \/>\n            \n            <input type='hidden' class='gform_hidden' name='gform_currency' data-currency='CAD' value='JARwZ0kK8V6uKuvsNjY2mGAstmCNfXO4y2F4GI0xYx9SmFRTmWESCFhNjvxRAll+Lyn0fK4GLNyhScbTRj3L3isDa7mbtOSZ9RuNGUkjfLySjg8=' \/>\n            <input type='hidden' class='gform_hidden' name='gform_unique_id' value='' \/>\n            <input type='hidden' class='gform_hidden' name='state_1' value='WyJbXSIsImRmZWYxNzYyMjQzMTVhMzEzY2E0YzU0Yzg0YmQ2ZmEwIl0=' \/>\n            <input type='hidden' autocomplete='off' class='gform_hidden' name='gform_target_page_number_1' id='gform_target_page_number_1' value='0' \/>\n            <input type='hidden' autocomplete='off' class='gform_hidden' name='gform_source_page_number_1' id='gform_source_page_number_1' value='1' \/>\n            <input type='hidden' name='gform_field_values' value='' \/>\n            \n        <\/div>\n                        <p style=\"display: none !important;\" class=\"akismet-fields-container\" data-prefix=\"ak_\"><label>&#916;<textarea name=\"ak_hp_textarea\" cols=\"45\" rows=\"8\" maxlength=\"100\"><\/textarea><\/label><input type=\"hidden\" id=\"ak_js_1\" name=\"ak_js\" value=\"206\"\/><script>document.getElementById( \"ak_js_1\" ).setAttribute( \"value\", ( new Date() ).getTime() );<\/script><\/p><\/form>\n                        <\/div>\n\t\t                <iframe style='display:none;width:0px;height:0px;' src='about:blank' name='gform_ajax_frame_1' id='gform_ajax_frame_1' title='Cette iframe contient la logique n\u00e9cessaire pour manipuler Gravity Forms avec Ajax.'><\/iframe>\n\t\t                <script>\ngform.initializeOnLoaded( function() {gformInitSpinner( 1, 'https:\/\/www.stratcom.ca\/wp-content\/plugins\/gravityforms\/images\/spinner.svg', true );jQuery('#gform_ajax_frame_1').on('load',function(){var contents = jQuery(this).contents().find('*').html();var is_postback = contents.indexOf('GF_AJAX_POSTBACK') >= 0;if(!is_postback){return;}var form_content = jQuery(this).contents().find('#gform_wrapper_1');var is_confirmation = jQuery(this).contents().find('#gform_confirmation_wrapper_1').length > 0;var is_redirect = contents.indexOf('gformRedirect(){') >= 0;var is_form = form_content.length > 0 && ! is_redirect && ! is_confirmation;var mt = parseInt(jQuery('html').css('margin-top'), 10) + parseInt(jQuery('body').css('margin-top'), 10) + 100;if(is_form){jQuery('#gform_wrapper_1').html(form_content.html());if(form_content.hasClass('gform_validation_error')){jQuery('#gform_wrapper_1').addClass('gform_validation_error');} else {jQuery('#gform_wrapper_1').removeClass('gform_validation_error');}setTimeout( function() { \/* delay the scroll by 50 milliseconds to fix a bug in chrome *\/ jQuery(document).scrollTop(jQuery('#gform_wrapper_1').offset().top - mt); }, 50 );if(window['gformInitDatepicker']) {gformInitDatepicker();}if(window['gformInitPriceFields']) {gformInitPriceFields();}var current_page = jQuery('#gform_source_page_number_1').val();gformInitSpinner( 1, 'https:\/\/www.stratcom.ca\/wp-content\/plugins\/gravityforms\/images\/spinner.svg', true );jQuery(document).trigger('gform_page_loaded', [1, current_page]);window['gf_submitting_1'] = false;}else if(!is_redirect){var confirmation_content = jQuery(this).contents().find('.GF_AJAX_POSTBACK').html();if(!confirmation_content){confirmation_content = contents;}jQuery('#gform_wrapper_1').replaceWith(confirmation_content);jQuery(document).scrollTop(jQuery('#gf_1').offset().top - mt);jQuery(document).trigger('gform_confirmation_loaded', [1]);window['gf_submitting_1'] = false;wp.a11y.speak(jQuery('#gform_confirmation_message_1').text());}else{jQuery('#gform_1').append(contents);if(window['gformRedirect']) {gformRedirect();}}jQuery(document).trigger(\"gform_pre_post_render\", [{ formId: \"1\", currentPage: \"current_page\", abort: function() { this.preventDefault(); } }]);        if (event && event.defaultPrevented) {                return;        }        const gformWrapperDiv = document.getElementById( \"gform_wrapper_1\" );        if ( gformWrapperDiv ) {            const visibilitySpan = document.createElement( \"span\" );            visibilitySpan.id = \"gform_visibility_test_1\";            gformWrapperDiv.insertAdjacentElement( \"afterend\", visibilitySpan );        }        const visibilityTestDiv = document.getElementById( \"gform_visibility_test_1\" );        let postRenderFired = false;        function triggerPostRender() {            if ( postRenderFired ) {                return;            }            postRenderFired = true;            gform.core.triggerPostRenderEvents( 1, current_page );            if ( visibilityTestDiv ) {                visibilityTestDiv.parentNode.removeChild( visibilityTestDiv );            }        }        function debounce( func, wait, immediate ) {            var timeout;            return function() {                var context = this, args = arguments;                var later = function() {                    timeout = null;                    if ( !immediate ) func.apply( context, args );                };                var callNow = immediate && !timeout;                clearTimeout( timeout );                timeout = setTimeout( later, wait );                if ( callNow ) func.apply( context, args );            };        }        const debouncedTriggerPostRender = debounce( function() {            triggerPostRender();        }, 200 );        if ( visibilityTestDiv && visibilityTestDiv.offsetParent === null ) {            const observer = new MutationObserver( ( mutations ) => {                mutations.forEach( ( mutation ) => {                    if ( mutation.type === 'attributes' && visibilityTestDiv.offsetParent !== null ) {                        debouncedTriggerPostRender();                        observer.disconnect();                    }                });            });            observer.observe( document.body, {                attributes: true,                childList: false,                subtree: true,                attributeFilter: [ 'style', 'class' ],            });        } else {            triggerPostRender();        }    } );} );\n<\/script>\n\n<h2>\n\t\tL&rsquo;approche de Stratcom\n\t<\/h2>\n\t\t\t\t<img decoding=\"async\" src=\"http:\/\/stratcomdev.ca\/wp-content\/uploads\/2023\/06\/1-4f3f54.png\" alt=\"Step 1\" itemprop=\"image\" onerror=\"this.style.display='none'\"  \/>\n\t\t\t\t<img loading=\"lazy\" decoding=\"async\" src=\"https:\/\/stratcom.ca\/wp-content\/uploads\/2022\/02\/BVM_Step1_Developlist-01.svg\" alt=\"\" itemprop=\"image\" height=\"130\" width=\"130\" onerror=\"this.style.display='none'\"  \/>\n<h3>\n\t\tCernez votre groupe-cible\n\t<\/h3>\n\t<p>Cr\u00e9ez ou segmentez une liste de sympathisants que vous souhaitez mobiliser pour votre campagne textuelle. Vous avez peu ou pas de liste ? Louez notre liste Port\u00e9e-mobiles ou demandez-nous des informations sur l&rsquo;acquisition de prospects en ligne pour g\u00e9n\u00e9rer des num\u00e9ros de t\u00e9l\u00e9phone mobile \u00e0 rejoindre par texto.  <\/p>\n\t\t\t\t<img decoding=\"async\" src=\"http:\/\/stratcomdev.ca\/wp-content\/uploads\/2023\/06\/2-4f3f54.png\" alt=\"Step 2\" itemprop=\"image\" onerror=\"this.style.display='none'\"  \/>\n\t\t\t\t<img loading=\"lazy\" decoding=\"async\" src=\"https:\/\/stratcom.ca\/wp-content\/uploads\/2022\/05\/Create-your-text-message.svg\" alt=\"\" itemprop=\"image\" height=\"130\" width=\"130\" onerror=\"this.style.display='none'\"  \/>\n<h3>\n\t\t\u00c9laborez votre message\n\t<\/h3>\n\t<p>Nous pouvons travailler avec vous \u00e0 \u00e9laborer un projet de texte qui soit succinct, pertinent, engageant et conforme \u00e0 toutes les r\u00e9glementations en vigueur.<\/p>\n\t\t\t\t<img decoding=\"async\" src=\"http:\/\/stratcomdev.ca\/wp-content\/uploads\/2023\/06\/3-4f3f54.png\" alt=\"Step 3\" itemprop=\"image\" onerror=\"this.style.display='none'\"  \/>\n\t\t\t\t<img loading=\"lazy\" decoding=\"async\" src=\"https:\/\/stratcom.ca\/wp-content\/uploads\/2022\/05\/Launch-text-campaign.svg\" alt=\"\" itemprop=\"image\" height=\"130\" width=\"130\" onerror=\"this.style.display='none'\"  \/>\n<h3>\n\t\tLancez la campagne\n\t<\/h3>\n\t<p>Une fois tous les d\u00e9tails de la campagne confirm\u00e9s, nous mettons en place et lan\u00e7ons la campagne (et diffusons le premier texte, le cas \u00e9ch\u00e9ant).<\/p>\n\t\t\t\t<img decoding=\"async\" src=\"http:\/\/stratcomdev.ca\/wp-content\/uploads\/2023\/06\/4-4f3f54.png\" alt=\"Step 4\" itemprop=\"image\" onerror=\"this.style.display='none'\"  \/>\n\t\t\t\t<img loading=\"lazy\" decoding=\"async\" src=\"https:\/\/stratcom.ca\/wp-content\/uploads\/2022\/02\/Follow-up.svg\" alt=\"\" itemprop=\"image\" height=\"130\" width=\"130\" onerror=\"this.style.display='none'\"  \/>\n<h3>\n\t\tGestion des conversations de suivi\n\t<\/h3>\n\t<p>Lorsque vos sympathisants commencent \u00e0 r\u00e9pondre au texte initial, votre personnel ou vos b\u00e9n\u00e9voles (ou nos agents) leur r\u00e9pondront et engageront des conversations individuelles pour un engagement plus profond.<\/p>\n<h2>\n\t\tNos services de messagerie texte\n\t<\/h2>\n\t\t\t\t<img loading=\"lazy\" decoding=\"async\" src=\"https:\/\/stratcom.ca\/wp-content\/uploads\/2022\/02\/TextBanking.svg\" alt=\"\" itemprop=\"image\" height=\"120\" width=\"145\" onerror=\"this.style.display='none'\"  \/>\n<h3>\n\t\tServices de r\u00e9daction\n\t<\/h3>\n\t<p>Vous n&rsquo;avez pas le temps ou la capacit\u00e9 d&rsquo;envoyer des textos \u00e0 vos supporters ? Notre \u00e9quipe de r\u00e9dacteurs exp\u00e9riment\u00e9s est form\u00e9e aux campagnes de textos de mobilisation et de collecte de fonds pour interagir par textos en votre nom. <\/p>\n\t\t\t\t<img loading=\"lazy\" decoding=\"async\" src=\"https:\/\/stratcom.ca\/wp-content\/uploads\/2022\/02\/TextBroadcast.svg\" alt=\"\" itemprop=\"image\" height=\"120\" width=\"145\" onerror=\"this.style.display='none'\"  \/>\n<h3>\n\t\tDiffusion de textos\n\t<\/h3>\n\t<p>Vous avez simplement besoin d&rsquo;envoyer une diffusion de textos ponctuelle pour une r\u00e9ponse rapide ou \u00e0 des fins d&rsquo;information ? Prompt.io peut enti\u00e8rement prendre en charge un programme de distribution simple de textos. <\/p>\n\t\t\t\t<img loading=\"lazy\" decoding=\"async\" src=\"https:\/\/stratcom.ca\/wp-content\/uploads\/2022\/02\/Facebook-Messenger-integration.svg\" alt=\"\" itemprop=\"image\" height=\"120\" width=\"145\" onerror=\"this.style.display='none'\"  \/>\n<h3>\n\t\tSur Facebook Messenger\n\t<\/h3>\n\t<p>Int\u00e9grez Prompt.io \u00e0 votre page Facebook pour r\u00e9pondre et dialoguer avec les sympathisants via FB Messenger directement sur la plateforme.<\/p>\n\t\t\t\t\t\t\t\t<a href=\"#\" id=\"fl-tabs--label-0\" data-index=\"0\" aria-selected=\"true\" aria-controls=\"fl-tabs--panel-0\" aria-expanded=\"true\" role=\"tab\" tabindex=\"0\">\t\t\t\t<img decoding=\"async\" alt=\"\" src=\"\/wp-content\/uploads\/2022\/05\/checkmark.png\"\/>Campagnes \u00e9lectorales\t\t\t\t<\/a>\n\t\t\t\t\t\t\t\t<a href=\"#\" id=\"fl-tabs--label-1\" data-index=\"1\" aria-selected=\"false\" aria-controls=\"fl-tabs--panel-1\" aria-expanded=\"false\" role=\"tab\" tabindex=\"0\">\t\t\t\t<img decoding=\"async\" alt=\"\" src=\"\/wp-content\/uploads\/2022\/05\/checkmark.png\"\/>Syndicats\t\t\t\t<\/a>\n\t\t\t\t\t\t\t\t<a href=\"#\" id=\"fl-tabs--label-2\" data-index=\"2\" aria-selected=\"false\" aria-controls=\"fl-tabs--panel-2\" aria-expanded=\"false\" role=\"tab\" tabindex=\"0\">\t\t\t\t<img decoding=\"async\" alt=\"\" src=\"\/wp-content\/uploads\/2022\/05\/checkmark.png\"\/>Campagnes de revendication\t\t\t\t<\/a>\n\t\t\t\t\t\t<img decoding=\"async\" alt=\"\" src=\"\/wp-content\/uploads\/2022\/05\/checkmark.png\"\/>Campagnes \u00e9lectorales\n<img loading=\"lazy\" decoding=\"async\" src=\"\/wp-content\/uploads\/2022\/05\/Political-300x243.png\" alt=\"\" width=\"300\" height=\"243\" \/>\n<ul>\n<li>Identifier les supporters<\/li>\n<li>Les inviter \u00e0 des \u00e9v\u00e9nements<\/li>\n<li>Recruter des b\u00e9n\u00e9voles<\/li>\n<li>Faites sortir le vote (GOTV)<\/li>\n<\/ul>\n\t\t\t\t\t\t<img decoding=\"async\" alt=\"\" src=\"\/wp-content\/uploads\/2022\/05\/checkmark.png\"\/>Syndicats\n<img loading=\"lazy\" decoding=\"async\" src=\"\/wp-content\/uploads\/2022\/05\/Union-300x243.png\" alt=\"\" width=\"300\" height=\"243\" \/>\n<ul>\n<li>Confirmer et mettre \u00e0 jour les coordonn\u00e9es des membres.<\/li>\n<li>Engager le dialogue avec vos membres pour les mobiliser.<\/li>\n<\/ul>\n\t\t\t\t\t\t<img decoding=\"async\" alt=\"\" src=\"\/wp-content\/uploads\/2022\/05\/checkmark.png\"\/>Campagnes de revendication\n<img loading=\"lazy\" decoding=\"async\" src=\"\/wp-content\/uploads\/2022\/05\/Advocacy-300x243.png\" alt=\"\" width=\"300\" height=\"243\" \/>\n<ul>\n<li>Mobiliser des supporters pour des campagnes de revendication.<\/li>\n<li>Cr\u00e9er des parcours motivants pour les donateurs qui s&rsquo;approfondissent et se fid\u00e9lisent.<\/li>\n<li>Collecter des fonds directement ou soutenir la collecte de fonds dans d&rsquo;autres canaux tels que le t\u00e9l\u00e9phone et le publipostage.<\/li>\n<\/ul>\n\t<blockquote><p>Prompt.io est la fusion id\u00e9ale entre une plateforme de textos et une plateforme de collecte\/analyse de donn\u00e9es. Avec Prompt.io, nous avons une capacit\u00e9 infinie \u00e0 communiquer des mises \u00e0 jour plus longues ou plus complexes, \u00e0 construire des outils de collecte de donn\u00e9es et \u00e0 cr\u00e9er des \u00e9v\u00e9nements r\u00e9alisables. Prompt.io poss\u00e8de tous les outils dont nous avons besoin.  <\/p><\/blockquote>\n\tMolly Kraft<br \/>\nAgente de relations syndicales, niveau provincial\n<p>Association des infirmi\u00e8res et infirmiers de l&rsquo;Ontario<\/p>\n\t\t\t<a href=\"\/category\/case-studies\/\" target=\"_self\" rel=\"noopener\">\n\t\t\t\t\t\t\tParcourez nos \u00e9tudes de cas\n\t\t\t\t\t<\/a>\n\n","protected":false},"excerpt":{"rendered":"<p>Messagerie texte Un outil important pour informer, mobiliser et passer \u00e0 l&rsquo;action Accueil La messagerie texte devient rapidement un outil cl\u00e9 pour une grande vari\u00e9t\u00e9 d&rsquo;activit\u00e9s de mobilisation. Qu&rsquo;il s&rsquo;agisse de signer des p\u00e9titions, de r\u00e9colter de l&rsquo;argent ou de faire sortir le vote, les textos, Facebook Messenger et d&rsquo;autres formes de messagerie texte permettent&hellip;<\/p>\n","protected":false},"author":1,"featured_media":0,"parent":0,"menu_order":0,"comment_status":"closed","ping_status":"closed","template":"","meta":{"inline_featured_image":false,"footnotes":""},"class_list":["post-4324","page","type-page","status-publish","hentry"],"jetpack_sharing_enabled":true,"_links":{"self":[{"href":"https:\/\/www.stratcom.ca\/fr\/wp-json\/wp\/v2\/pages\/4324","targetHints":{"allow":["GET"]}}],"collection":[{"href":"https:\/\/www.stratcom.ca\/fr\/wp-json\/wp\/v2\/pages"}],"about":[{"href":"https:\/\/www.stratcom.ca\/fr\/wp-json\/wp\/v2\/types\/page"}],"author":[{"embeddable":true,"href":"https:\/\/www.stratcom.ca\/fr\/wp-json\/wp\/v2\/users\/1"}],"replies":[{"embeddable":true,"href":"https:\/\/www.stratcom.ca\/fr\/wp-json\/wp\/v2\/comments?post=4324"}],"version-history":[{"count":0,"href":"https:\/\/www.stratcom.ca\/fr\/wp-json\/wp\/v2\/pages\/4324\/revisions"}],"wp:attachment":[{"href":"https:\/\/www.stratcom.ca\/fr\/wp-json\/wp\/v2\/media?parent=4324"}],"curies":[{"name":"wp","href":"https:\/\/api.w.org\/{rel}","templated":true}]}}