{"id":4336,"date":"2022-02-03T17:00:59","date_gmt":"2022-02-03T17:00:59","guid":{"rendered":"http:\/\/stratcomdev.ca\/assemblees-publiques-telephoniques\/"},"modified":"2024-07-02T18:30:03","modified_gmt":"2024-07-02T18:30:03","slug":"assemblees-publiques-telephoniques","status":"publish","type":"page","link":"https:\/\/www.stratcom.ca\/fr\/assemblees-publiques-telephoniques\/","title":{"rendered":"Assembl\u00e9es publiques t\u00e9l\u00e9phoniques"},"content":{"rendered":"\n<h1>\n\t\tAssembl\u00e9es publiques t\u00e9l\u00e9phoniques (APT)\n\t<\/h1>\n\t<p>Interagissez avec des milliers de personnes depuis le confort de votre maison ou de votre bureau.<\/p>\n    <img decoding=\"async\" src=\"\/wp-content\/uploads\/2022\/06\/Home-icon.svg\" alt=\"\"\/>\n    <nav aria-label=\"Breadcrumb\">\n        <ol>\n        <li>\n          <a href=\"https:\/\/stratcom.ca\/\">Accueil<\/a>\n        <\/li>\n        <li>\n            \n        <\/li>\n      <\/ol>\n    <\/nav>\n\t<p>Les assembl\u00e9es publiques t\u00e9l\u00e9phoniques (APT) sont un moyen \u00e9conomique d&rsquo;interagir avec des milliers de personnes d&rsquo;une mani\u00e8re tr\u00e8s personnelle. Les APT sont un croisement entre une grande t\u00e9l\u00e9conf\u00e9rence et votre propre \u00e9mission de radio priv\u00e9e. Pour un co\u00fbt inf\u00e9rieur \u00e0 celui d&rsquo;une r\u00e9union en personne, vous pouvez atteindre la port\u00e9e d&rsquo;une annonce radio, l&rsquo;\u00e9nergie d&rsquo;un rassemblement en personne et l&rsquo;intimit\u00e9 d&rsquo;une conversation directe avec un sympathisant.  <\/p>\n<p>Stratcom a \u00e9t\u00e9 le pionnier de l&rsquo;utilisation des assembl\u00e9es publiques par t\u00e9l\u00e9phone au Canada, les ayant introduites ici en 2010, puis d\u00e9ploy\u00e9es \u00e0 grande \u00e9chelle dans la campagne nationale de la vague orange de Jack Layton en 2011. Stratcom est encore aujourd&rsquo;hui le leader dans l&rsquo;utilisation des APT, en r\u00e9alisant des centaines d&rsquo;\u00e9v\u00e9nements par an, et plus de 1500 au total avec notre \u00e9quipe de strat\u00e8ges et de techniciens exp\u00e9riment\u00e9s, qui vous assurent la meilleure approche et le meilleur \u00e9v\u00e9nement. <\/p>\n<p>En tant qu&rsquo;outil dans le cadre de campagnes plus importantes, ou en tant qu&rsquo;\u00e9v\u00e9nement autonome, les APT constituent un moyen pr\u00e9cieux d&rsquo;interagir avec toute personne disposant d&rsquo;un t\u00e9l\u00e9phone. Associ\u00e9 \u00e0 d&rsquo;autres outils d&rsquo;engagement t\u00e9l\u00e9phonique et num\u00e9rique, le service d&rsquo;APT de Stratcom peut vous donner l&rsquo;occasion non seulement d&rsquo;atteindre les gens, mais aussi de recueillir des commentaires et des informations sur votre auditoire. Et les APT capturent les donn\u00e9es des participants \u00e0 titre individuel, ce qui permet des communications de suivi et un ciblage pr\u00e9cis.   Notre dossier de rapports post-\u00e9v\u00e9nement comprend diverses mesures permettant d&rsquo;identifier vos supporters les plus engag\u00e9s et de formuler les futures strat\u00e9gies de communication, de mobilisation et de collecte de fonds.<\/p>\n<h2>\n\t\tRejoignez-nous\n\t<\/h2>\n\t<p>Inscrivez-vous pour recevoir des nouvelles de notre \u00e9quipe.<\/p>\n\t<script>\nvar gform;gform||(document.addEventListener(\"gform_main_scripts_loaded\",function(){gform.scriptsLoaded=!0}),document.addEventListener(\"gform\/theme\/scripts_loaded\",function(){gform.themeScriptsLoaded=!0}),window.addEventListener(\"DOMContentLoaded\",function(){gform.domLoaded=!0}),gform={domLoaded:!1,scriptsLoaded:!1,themeScriptsLoaded:!1,isFormEditor:()=>\"function\"==typeof InitializeEditor,callIfLoaded:function(o){return!(!gform.domLoaded||!gform.scriptsLoaded||!gform.themeScriptsLoaded&&!gform.isFormEditor()||(gform.isFormEditor()&&console.warn(\"The use of gform.initializeOnLoaded() is deprecated in the form editor context and will be removed in Gravity Forms 3.1.\"),o(),0))},initializeOnLoaded:function(o){gform.callIfLoaded(o)||(document.addEventListener(\"gform_main_scripts_loaded\",()=>{gform.scriptsLoaded=!0,gform.callIfLoaded(o)}),document.addEventListener(\"gform\/theme\/scripts_loaded\",()=>{gform.themeScriptsLoaded=!0,gform.callIfLoaded(o)}),window.addEventListener(\"DOMContentLoaded\",()=>{gform.domLoaded=!0,gform.callIfLoaded(o)}))},hooks:{action:{},filter:{}},addAction:function(o,r,e,t){gform.addHook(\"action\",o,r,e,t)},addFilter:function(o,r,e,t){gform.addHook(\"filter\",o,r,e,t)},doAction:function(o){gform.doHook(\"action\",o,arguments)},applyFilters:function(o){return gform.doHook(\"filter\",o,arguments)},removeAction:function(o,r){gform.removeHook(\"action\",o,r)},removeFilter:function(o,r,e){gform.removeHook(\"filter\",o,r,e)},addHook:function(o,r,e,t,n){null==gform.hooks[o][r]&&(gform.hooks[o][r]=[]);var d=gform.hooks[o][r];null==n&&(n=r+\"_\"+d.length),gform.hooks[o][r].push({tag:n,callable:e,priority:t=null==t?10:t})},doHook:function(r,o,e){var t;if(e=Array.prototype.slice.call(e,1),null!=gform.hooks[r][o]&&((o=gform.hooks[r][o]).sort(function(o,r){return o.priority-r.priority}),o.forEach(function(o){\"function\"!=typeof(t=o.callable)&&(t=window[t]),\"action\"==r?t.apply(null,e):e[0]=t.apply(null,e)})),\"filter\"==r)return e[0]},removeHook:function(o,r,t,n){var e;null!=gform.hooks[o][r]&&(e=(e=gform.hooks[o][r]).filter(function(o,r,e){return!!(null!=n&&n!=o.tag||null!=t&&t!=o.priority)}),gform.hooks[o][r]=e)}});\n<\/script>\n\n                <div class='gf_browser_gecko gform_wrapper gravity-theme gform-theme--no-framework sc-form-container_wrapper' data-form-theme='gravity-theme' data-form-index='0' id='gform_wrapper_1' >\n                        <div class='gform_heading'>\n                            <h2 class=\"gform_title\">Stratcom Newsletter Horizontal<\/h2>\n                            <p class='gform_description'><\/p>\n                        <\/div><form method='post' enctype='multipart\/form-data'  id='gform_1' class='sc-form-container' action='\/fr\/wp-json\/wp\/v2\/pages\/4336' data-formid='1' novalidate>\n                        <div class='gform-body gform_body'><div id='gform_fields_1' class='gform_fields top_label form_sublabel_below description_below validation_below'><div id=\"field_1_6\" class=\"gfield gfield--type-honeypot gform_validation_container field_sublabel_below gfield--has-description field_description_below field_validation_below gfield_visibility_visible\"  ><label class='gfield_label gform-field-label' for='input_1_6'>LinkedIn<\/label><div class='ginput_container'><input name='input_6' id='input_1_6' type='text' value='' autocomplete='new-password'\/><\/div><div class='gfield_description' id='gfield_description_1_6'>Ce champ n\u2019est utilis\u00e9 qu\u2019\u00e0 des fins de validation et devrait rester inchang\u00e9.<\/div><\/div><fieldset id=\"field_1_3\" class=\"gfield gfield--type-name gfield--width-full gfield_contains_required field_sublabel_hidden_label gfield--no-description field_description_below field_validation_below gfield_visibility_visible\"  ><legend class='gfield_label gform-field-label gfield_label_before_complex' >Nom complet<span class=\"gfield_required\"><span class=\"gfield_required gfield_required_text\">(N\u00e9cessaire)<\/span><\/span><\/legend><div class='ginput_complex ginput_container ginput_container--name no_prefix has_first_name no_middle_name no_last_name no_suffix gf_name_has_1 ginput_container_name gform-grid-row' id='input_1_3'>\n                            \n                            <span id='input_1_3_3_container' class='name_first gform-grid-col gform-grid-col--size-auto' >\n                                                    <input type='text' name='input_3.3' id='input_1_3_3' value=''   aria-required='true'     \/>\n                                                    <label for='input_1_3_3' class='gform-field-label gform-field-label--type-sub hidden_sub_label screen-reader-text'>Nom complet<\/label>\n                                                <\/span>\n                            \n                            \n                            \n                        <\/div><\/fieldset><div id=\"field_1_4\" class=\"gfield gfield--type-phone gfield--width-full field_sublabel_below gfield--no-description field_description_below field_validation_below gfield_visibility_visible\"  ><label class='gfield_label gform-field-label' for='input_1_4'>T\u00e9l\u00e9phone<\/label><div class='ginput_container ginput_container_phone'><input name='input_4' id='input_1_4' type='tel' value='' class='large'    aria-invalid=\"false\"   \/><\/div><\/div><div id=\"field_1_5\" class=\"gfield gfield--type-email gfield--width-full gfield_contains_required field_sublabel_below gfield--no-description field_description_below field_validation_below gfield_visibility_visible\"  ><label class='gfield_label gform-field-label' for='input_1_5'>Courriel<span class=\"gfield_required\"><span class=\"gfield_required gfield_required_text\">(N\u00e9cessaire)<\/span><\/span><\/label><div class='ginput_container ginput_container_email'>\n                            <input name='input_5' id='input_1_5' type='email' value='' class='large'    aria-required=\"true\" aria-invalid=\"false\"  \/>\n                        <\/div><\/div><\/div><\/div>\n        <div class='gform-footer gform_footer top_label'> <input type='submit' id='gform_submit_button_1' class='gform_button button' onclick='gform.submission.handleButtonClick(this);' data-submission-type='submit' value='Soumettre'  \/> \n            <input type='hidden' class='gform_hidden' name='gform_submission_method' data-js='gform_submission_method_1' value='postback' \/>\n            <input type='hidden' class='gform_hidden' name='gform_theme' data-js='gform_theme_1' id='gform_theme_1' value='gravity-theme' \/>\n            <input type='hidden' class='gform_hidden' name='gform_style_settings' data-js='gform_style_settings_1' id='gform_style_settings_1' value='[]' \/>\n            <input type='hidden' class='gform_hidden' name='is_submit_1' value='1' \/>\n            <input type='hidden' class='gform_hidden' name='gform_submit' value='1' \/>\n            \n            <input type='hidden' class='gform_hidden' name='gform_currency' data-currency='CAD' value='cWpIIfRA6bRhcwGd0KJ\/LLyn8OzDnU5fofaH6pAgxioxOr10IjY4wmP9yZvve2VBW+kIDGqhYNqQjgBoC076VkJh2u6qCEBEAihsbxwgZF2m7Qw=' \/>\n            <input type='hidden' class='gform_hidden' name='gform_unique_id' value='' \/>\n            <input type='hidden' class='gform_hidden' name='state_1' value='WyJbXSIsImRmZWYxNzYyMjQzMTVhMzEzY2E0YzU0Yzg0YmQ2ZmEwIl0=' \/>\n            <input type='hidden' autocomplete='off' class='gform_hidden' name='gform_target_page_number_1' id='gform_target_page_number_1' value='0' \/>\n            <input type='hidden' autocomplete='off' class='gform_hidden' name='gform_source_page_number_1' id='gform_source_page_number_1' value='1' \/>\n            <input type='hidden' name='gform_field_values' value='' \/>\n            \n        <\/div>\n                        <p style=\"display: none !important;\" class=\"akismet-fields-container\" data-prefix=\"ak_\"><label>&#916;<textarea name=\"ak_hp_textarea\" cols=\"45\" rows=\"8\" maxlength=\"100\"><\/textarea><\/label><input type=\"hidden\" id=\"ak_js_1\" name=\"ak_js\" value=\"180\"\/><script>\ndocument.getElementById( \"ak_js_1\" ).setAttribute( \"value\", ( new Date() ).getTime() );\n<\/script>\n<\/p><\/form>\n                        <\/div><script>\ngform.initializeOnLoaded( function() {gformInitSpinner( 1, 'https:\/\/www.stratcom.ca\/wp-content\/plugins\/gravityforms\/images\/spinner.svg', true );jQuery('#gform_ajax_frame_1').on('load',function(){var contents = jQuery(this).contents().find('*').html();var is_postback = contents.indexOf('GF_AJAX_POSTBACK') >= 0;if(!is_postback){return;}var form_content = jQuery(this).contents().find('#gform_wrapper_1');var is_confirmation = jQuery(this).contents().find('#gform_confirmation_wrapper_1').length > 0;var is_redirect = contents.indexOf('gformRedirect(){') >= 0;var is_form = form_content.length > 0 && ! is_redirect && ! is_confirmation;var mt = parseInt(jQuery('html').css('margin-top'), 10) + parseInt(jQuery('body').css('margin-top'), 10) + 100;if(is_form){jQuery('#gform_wrapper_1').html(form_content.html());if(form_content.hasClass('gform_validation_error')){jQuery('#gform_wrapper_1').addClass('gform_validation_error');} else {jQuery('#gform_wrapper_1').removeClass('gform_validation_error');}setTimeout( function() { \/* delay the scroll by 50 milliseconds to fix a bug in chrome *\/  }, 50 );if(window['gformInitDatepicker']) {gformInitDatepicker();}if(window['gformInitPriceFields']) {gformInitPriceFields();}var current_page = jQuery('#gform_source_page_number_1').val();gformInitSpinner( 1, 'https:\/\/www.stratcom.ca\/wp-content\/plugins\/gravityforms\/images\/spinner.svg', true );jQuery(document).trigger('gform_page_loaded', [1, current_page]);window['gf_submitting_1'] = false;}else if(!is_redirect){var confirmation_content = jQuery(this).contents().find('.GF_AJAX_POSTBACK').html();if(!confirmation_content){confirmation_content = contents;}jQuery('#gform_wrapper_1').replaceWith(confirmation_content);jQuery(document).trigger('gform_confirmation_loaded', [1]);window['gf_submitting_1'] = false;wp.a11y.speak(jQuery('#gform_confirmation_message_1').text());}else{jQuery('#gform_1').append(contents);if(window['gformRedirect']) {gformRedirect();}}jQuery(document).trigger(\"gform_pre_post_render\", [{ formId: \"1\", currentPage: \"current_page\", abort: function() { this.preventDefault(); } }]);        if (event && event.defaultPrevented) {                return;        }        const gformWrapperDiv = document.getElementById( \"gform_wrapper_1\" );        if ( gformWrapperDiv ) {            const visibilitySpan = document.createElement( \"span\" );            visibilitySpan.id = \"gform_visibility_test_1\";            gformWrapperDiv.insertAdjacentElement( \"afterend\", visibilitySpan );        }        const visibilityTestDiv = document.getElementById( \"gform_visibility_test_1\" );        let postRenderFired = false;        function triggerPostRender() {            if ( postRenderFired ) {                return;            }            postRenderFired = true;            gform.core.triggerPostRenderEvents( 1, current_page );            if ( visibilityTestDiv ) {                visibilityTestDiv.parentNode.removeChild( visibilityTestDiv );            }        }        function debounce( func, wait, immediate ) {            var timeout;            return function() {                var context = this, args = arguments;                var later = function() {                    timeout = null;                    if ( !immediate ) func.apply( context, args );                };                var callNow = immediate && !timeout;                clearTimeout( timeout );                timeout = setTimeout( later, wait );                if ( callNow ) func.apply( context, args );            };        }        const debouncedTriggerPostRender = debounce( function() {            triggerPostRender();        }, 200 );        if ( visibilityTestDiv && visibilityTestDiv.offsetParent === null ) {            const observer = new MutationObserver( ( mutations ) => {                mutations.forEach( ( mutation ) => {                    if ( mutation.type === 'attributes' && visibilityTestDiv.offsetParent !== null ) {                        debouncedTriggerPostRender();                        observer.disconnect();                    }                });            });            observer.observe( document.body, {                attributes: true,                childList: false,                subtree: true,                attributeFilter: [ 'style', 'class' ],            });        } else {            triggerPostRender();        }    } );} );\n<\/script>\n\n<h2>\n\t\tL&rsquo;approche de Stratcom\n\t<\/h2>\n\t\t\t\t<img decoding=\"async\" src=\"http:\/\/stratcom.ca\/wp-content\/uploads\/2023\/06\/1-4f3f54.png\" alt=\"Step 1\" itemprop=\"image\" onerror=\"this.style.display='none'\"  \/>\n\t\t\t\t<img loading=\"lazy\" decoding=\"async\" src=\"http:\/\/stratcom.ca\/wp-content\/uploads\/2022\/01\/TTH_step1_daybefore.svg\" alt=\"\" itemprop=\"image\" height=\"130\" width=\"130\" onerror=\"this.style.display='none'\"  \/>\n<h3>\n\t\tLa veille de votre assembl\u00e9e publique\n\t<\/h3>\n\t<p>Nous transmettons \u00e0 vos participants un appel enregistr\u00e9 (avec votre voix) les informant de votre prochaine assembl\u00e9e publique.<\/p>\n\t\t\t\t<img decoding=\"async\" src=\"http:\/\/stratcom.ca\/wp-content\/uploads\/2023\/06\/2-4f3f54.png\" alt=\"Step 2\" itemprop=\"image\" onerror=\"this.style.display='none'\"  \/>\n\t\t\t\t<img loading=\"lazy\" decoding=\"async\" src=\"http:\/\/stratcom.ca\/wp-content\/uploads\/2022\/01\/TTH_step2_ontheday.svg\" alt=\"\" itemprop=\"image\" height=\"130\" width=\"130\" onerror=\"this.style.display='none'\"  \/>\n<h3>\n\t\tLe jour de votre assembl\u00e9e publique\n\t<\/h3>\n\t<p>Les participants re\u00e7oivent un appel enregistr\u00e9 leur demandant de garder la ligne pour \u00eatre transf\u00e9r\u00e9s vers l&rsquo;\u00e9v\u00e9nement en direct. Lorsque votre APT commencera, ils seront transf\u00e9r\u00e9s de mani\u00e8re totalement fluide. <\/p>\n\t\t\t\t<img decoding=\"async\" src=\"http:\/\/stratcom.ca\/wp-content\/uploads\/2023\/06\/3-4f3f54.png\" alt=\"Step 3\" itemprop=\"image\" onerror=\"this.style.display='none'\"  \/>\n\t\t\t\t<img loading=\"lazy\" decoding=\"async\" src=\"http:\/\/stratcom.ca\/wp-content\/uploads\/2022\/01\/TTH_step3_During.svg\" alt=\"\" itemprop=\"image\" height=\"130\" width=\"130\" onerror=\"this.style.display='none'\"  \/>\n<h3>\n\t\tPendant votre assembl\u00e9e publique\n\t<\/h3>\n\t<p>Vous pouvez mener des sondages aupr\u00e8s de vos participants &#8211; m\u00eame au milieu de l&rsquo;action ! Vous avez \u00e9galement la possibilit\u00e9 de r\u00e9pondre en direct aux questions soumises vos participants, par le biais de questions-r\u00e9ponses mod\u00e9r\u00e9es. <\/p>\n\t\t\t\t<img decoding=\"async\" src=\"http:\/\/stratcom.ca\/wp-content\/uploads\/2023\/06\/4-4f3f54.png\" alt=\"Step 4\" itemprop=\"image\" onerror=\"this.style.display='none'\"  \/>\n\t\t\t\t<img loading=\"lazy\" decoding=\"async\" src=\"http:\/\/stratcom.ca\/wp-content\/uploads\/2022\/01\/TTH_step4_Deliverables.svg\" alt=\"\" itemprop=\"image\" height=\"130\" width=\"130\" onerror=\"this.style.display='none'\"  \/>\n<h3>\n\t\tApr\u00e8s votre \u00e9v\u00e9nement en direct\n\t<\/h3>\n\t<p>Vous recevrez toutes les donn\u00e9es : les personnes inscrites, la dur\u00e9e de leur participation, leurs r\u00e9ponses aux questions de sondage, toutes leurs questions filtr\u00e9es par les tl\u00e9phonistes et les messages vocaux qu&rsquo;elles ont laiss\u00e9s, ainsi qu&rsquo;un enregistrement audio complet de l&rsquo;\u00e9v\u00e9nement.<\/p>\n\t\t\t\t\t\t\t\t<a href=\"#\" id=\"fl-tabs--label-0\" data-index=\"0\" aria-selected=\"true\" aria-controls=\"fl-tabs--panel-0\" aria-expanded=\"true\" role=\"tab\" tabindex=\"0\">\t\t\t\t<img decoding=\"async\" alt=\"\" src=\"\/wp-content\/uploads\/2022\/05\/checkmark.png\"\/>Campagnes \u00e9lectorales\t\t\t\t<\/a>\n\t\t\t\t\t\t\t\t<a href=\"#\" id=\"fl-tabs--label-1\" data-index=\"1\" aria-selected=\"false\" aria-controls=\"fl-tabs--panel-1\" aria-expanded=\"false\" role=\"tab\" tabindex=\"0\">\t\t\t\t<img decoding=\"async\" alt=\"\" src=\"\/wp-content\/uploads\/2022\/05\/checkmark.png\"\/>Organisations syndicales\t\t\t\t<\/a>\n\t\t\t\t\t\t\t\t<a href=\"#\" id=\"fl-tabs--label-2\" data-index=\"2\" aria-selected=\"false\" aria-controls=\"fl-tabs--panel-2\" aria-expanded=\"false\" role=\"tab\" tabindex=\"0\">\t\t\t\t<img decoding=\"async\" alt=\"\" src=\"\/wp-content\/uploads\/2022\/05\/checkmark.png\"\/>Administrations publiques\t\t\t\t<\/a>\n\t\t\t\t\t\t\t\t<a href=\"#\" id=\"fl-tabs--label-3\" data-index=\"3\" aria-selected=\"false\" aria-controls=\"fl-tabs--panel-3\" aria-expanded=\"false\" role=\"tab\" tabindex=\"0\">\t\t\t\t<img decoding=\"async\" alt=\"\" src=\"\/wp-content\/uploads\/2022\/05\/checkmark.png\"\/>Secteurs caritatif et associatif\t\t\t\t<\/a>\n\t\t\t\t\t\t<img decoding=\"async\" alt=\"\" src=\"\/wp-content\/uploads\/2022\/05\/checkmark.png\"\/>Campagnes \u00e9lectorales\n<img loading=\"lazy\" decoding=\"async\" src=\"http:\/\/stratcom.ca\/wp-content\/uploads\/2022\/05\/Political-300x243.png\" alt=\"\" width=\"300\" height=\"243\" \/>\nLes APT vous offrent un moyen incomparable d&rsquo;atteindre des milliers d&rsquo;\u00e9lecteur\/trices, ou de toucher des votants plus difficiles \u00e0 rejoindre, moins inform\u00e9\/es, pour leur faire entendre directement votre candidat. Les donn\u00e9es individualis\u00e9es des participant\/es deviennent un apport important pour votre programme de contact avec les \u00e9lecteur\/trices.\n\t\t\t\t\t\t<img decoding=\"async\" alt=\"\" src=\"\/wp-content\/uploads\/2022\/05\/checkmark.png\"\/>Organisations syndicales\n<img loading=\"lazy\" decoding=\"async\" src=\"http:\/\/stratcom.ca\/wp-content\/uploads\/2022\/05\/Union-300x243.png\" alt=\"\" width=\"300\" height=\"243\"\/>\nOrganiser des r\u00e9unions de membres dans une r\u00e9gion\/province pour pr\u00e9senter un rapport de la direction, ou pour mener des consultations pr\u00e9alables aux n\u00e9gociations, ou encore pour obtenir un soutien pour le vote d&rsquo;une convention collective.\n\t\t\t\t\t\t<img decoding=\"async\" alt=\"\" src=\"\/wp-content\/uploads\/2022\/05\/checkmark.png\"\/>Administrations publiques\n<img loading=\"lazy\" decoding=\"async\" src=\"http:\/\/stratcom.ca\/wp-content\/uploads\/2022\/05\/Government-300x243.png\" alt=\"\" width=\"300\" height=\"243\"\/>\nUn outil essentiel de sensibilisation du public pour engager et informer les citoyens des initiatives et des programmes.\n\t\t\t\t\t\t<img decoding=\"async\" alt=\"\" src=\"\/wp-content\/uploads\/2022\/05\/checkmark.png\"\/>Secteurs caritatif et associatif\n<img loading=\"lazy\" decoding=\"async\" src=\"http:\/\/stratcom.ca\/wp-content\/uploads\/2022\/05\/Charity-300x243.png\" alt=\"\" width=\"300\" height=\"243\"\/>\nInvitez les donateurs \u00e0 fournir des mises \u00e0 jour sur votre travail ou \u00e0 organiser une AGA, ou encore \u00e0 fournir un \u00ab rapport de terrain \u00bb du travailleur \u00e0 l&rsquo;\u00e9tranger, sur ce que le soutien des donateurs \u00e0 votre organisation permet de r\u00e9aliser.\n\t<blockquote><p>Au nom de l&rsquo;\u00e9quipe de projet de BC Hydro, je tiens \u00e0 remercier Stratcom d&rsquo;avoir organis\u00e9 notre toute premi\u00e8re assembl\u00e9e g\u00e9n\u00e9rale t\u00e9l\u00e9phonique. Nous avons eu le sentiment que l&rsquo;\u00e9v\u00e9nement s&rsquo;est bien d\u00e9roul\u00e9, tant en ce qui concerne l&rsquo;atteinte de nos objectifs de sensibilisation qu&rsquo;en ce qui concerne son ex\u00e9cution sans heurts. L&rsquo;\u00e9quipe de Stratcom a d\u00e9pass\u00e9 mes attentes. Le professionnalisme de l&rsquo;\u00e9quipe \u00e9tait vraiment \u00e9vident ! Cette exp\u00e9rience positive a suscit\u00e9 un int\u00e9r\u00eat \u00e0 l&rsquo;interne pour exploiter cette solution dans le cadre d&rsquo;autres engagements. Nous esp\u00e9rons donc travailler avec Stratcom sur d&rsquo;autres assembl\u00e9es publiques t\u00e9l\u00e9phoniques dans un proche avenir.    <\/p><\/blockquote>\n\t<p>KC Sato, Directeur, recherche de march\u00e9 et d&rsquo;entreprise<\/p>\n\t\t\t\t<img loading=\"lazy\" decoding=\"async\" src=\"http:\/\/stratcom.ca\/wp-content\/uploads\/2022\/03\/BC-Hydro_T-logo.svg\" alt=\"BC Hydro\" itemprop=\"image\" height=\"52\" width=\"286\" onerror=\"this.style.display='none'\"  \/>\n\t\t\t<a href=\"\/category\/case-studies\/\" target=\"_self\" rel=\"noopener\">\n\t\t\t\t\t\t\tParcourez nos \u00e9tudes de cas\n\t\t\t\t\t<\/a>\n\n","protected":false},"excerpt":{"rendered":"<p>Assembl\u00e9es publiques t\u00e9l\u00e9phoniques (APT) Interagissez avec des milliers de personnes depuis le confort de votre maison ou de votre bureau. Accueil Les assembl\u00e9es publiques t\u00e9l\u00e9phoniques (APT) sont un moyen \u00e9conomique d&rsquo;interagir avec des milliers de personnes d&rsquo;une mani\u00e8re tr\u00e8s personnelle. Les APT sont un croisement entre une grande t\u00e9l\u00e9conf\u00e9rence et votre propre \u00e9mission de radio&hellip;<\/p>\n","protected":false},"author":1,"featured_media":0,"parent":0,"menu_order":0,"comment_status":"closed","ping_status":"closed","template":"","meta":{"inline_featured_image":false,"footnotes":""},"class_list":["post-4336","page","type-page","status-publish","hentry"],"jetpack_sharing_enabled":true,"_links":{"self":[{"href":"https:\/\/www.stratcom.ca\/fr\/wp-json\/wp\/v2\/pages\/4336","targetHints":{"allow":["GET"]}}],"collection":[{"href":"https:\/\/www.stratcom.ca\/fr\/wp-json\/wp\/v2\/pages"}],"about":[{"href":"https:\/\/www.stratcom.ca\/fr\/wp-json\/wp\/v2\/types\/page"}],"author":[{"embeddable":true,"href":"https:\/\/www.stratcom.ca\/fr\/wp-json\/wp\/v2\/users\/1"}],"replies":[{"embeddable":true,"href":"https:\/\/www.stratcom.ca\/fr\/wp-json\/wp\/v2\/comments?post=4336"}],"version-history":[{"count":0,"href":"https:\/\/www.stratcom.ca\/fr\/wp-json\/wp\/v2\/pages\/4336\/revisions"}],"wp:attachment":[{"href":"https:\/\/www.stratcom.ca\/fr\/wp-json\/wp\/v2\/media?parent=4336"}],"curies":[{"name":"wp","href":"https:\/\/api.w.org\/{rel}","templated":true}]}}