{"id":5057,"date":"2022-04-19T17:50:44","date_gmt":"2022-04-19T17:50:44","guid":{"rendered":"http:\/\/stratcomdev.ca\/contact\/offre-demploi-telephoniste-a-la-collecte-de-fonds\/"},"modified":"2023-09-11T17:27:43","modified_gmt":"2023-09-11T17:27:43","slug":"offre-demploi-telephoniste-a-la-collecte-de-fonds","status":"publish","type":"page","link":"https:\/\/www.stratcom.ca\/fr\/a-propos-de-nous\/offre-demploi-telephoniste-a-la-collecte-de-fonds\/","title":{"rendered":"Offre d&#8217;emploi &#8211; t\u00e9l\u00e9phoniste \u00e0 la collecte de fonds"},"content":{"rendered":"\n<h1>\n\t\tt\u00e9l\u00e9phoniste \u00e0 la collecte de fonds en centre d&rsquo;appels\n\t<\/h1>\n\t<p>Contribuez \u00e0 changer le monde, un appel \u00e0 la fois<\/p>\n    <img decoding=\"async\" src=\"\/wp-content\/uploads\/2022\/06\/Home-icon.svg\" alt=\"\">\n    <nav aria-label=\"Breadcrumb\">\n        <ol>\n        <li>\n          <a href=\"https:\/\/stratcom.ca\/\">Accueil<\/a>\n        <\/li>\n        <li>\n          <a href=\"http:\/\/stratcom.ca\/fr\/contact\/\">Contact<\/a>\n        <\/li>\n        <li>\n            \n        <\/li>\n      <\/ol>\n    <\/nav>\n<h2>\n\t\t\u00c0 propos de l&#8217;emploi\n\t<\/h2>\n<h2>\n\t\tDescription\n\t<\/h2>\n\t<p>Vous \u00eates passionn\u00e9(e) par les organisations progressistes, politiques et sans but lucratif ? Avez-vous des talents hors pair pour la communication ? Voulez-vous aider les organisations \u00e0 rendre le monde meilleur ?   <\/p>\n<p>Communications strat\u00e9giques Inc. est un cabinet de conseil prim\u00e9 qui cr\u00e9e et met en \u0153uvre des strat\u00e9gies de campagne et de collecte de fonds innovantes et int\u00e9gr\u00e9es pour les organisations \u00e0 but non lucratif, les groupes de d\u00e9fense des droits, les syndicats et les organisations politiques. Nous aidons nos clients \u00e0 \u00eatre plus efficaces dans leur travail et, par cons\u00e9quent, \u00e0 cr\u00e9er un impact positif sur nos communaut\u00e9s locales et mondiales. Notre engagement fort en mati\u00e8re de responsabilit\u00e9 sociale, \u00e9thique et environnementale est ancr\u00e9 dans notre culture et se refl\u00e8te dans notre travail.   <\/p>\n<p>Stratcom compte des clients issus d&rsquo;un large \u00e9ventail de secteurs \u00e0 but non lucratif, notamment dans les domaines de la sant\u00e9, de l&rsquo;environnement, de l&rsquo;aide et du d\u00e9veloppement internationaux, de la justice sociale, de la d\u00e9fense des droits et des organisations culturelles. <\/p>\n<p>Nous recrutons actuellement des personnes pour des postes \u00e0 distance dans nos centres d&rsquo;appels. <\/p>\n<p>Si vous ma\u00eetrisez la communication verbale et pouvez transmettre efficacement par t\u00e9l\u00e9phone votre passion pour les organisations progressistes, nous vous gratifierons <strong>d&rsquo;un horaire flexible<\/strong>, <strong>d&rsquo;un salaire horaire comp\u00e9titif<\/strong> assorti <strong>de primes<\/strong> et <strong>de prestations de sant\u00e9<\/strong>, ainsi que d&rsquo;un <strong>milieu de travail progressiste<\/strong>. <\/p>\n<p>Les candidat-es ayant une exp\u00e9rience dans un centre d&rsquo;appels pour la collecte de fonds, int\u00e9ress\u00e9s par le secteur sans but lucratif et capables d&rsquo;apprendre rapidement dans un environnement en \u00e9volution, sont encourag\u00e9-es \u00e0 postuler. <\/p>\n<h3>Qualit\u00e9s et comp\u00e9tences :<\/h3>\n<ul>\n<li>Exp\u00e9rience de la collecte de fonds dans un centre d&rsquo;appels sortants ou dans un environnement face-\u00e0-face.<\/li>\n<li>Bonne capacit\u00e9 de conversation.<\/li>\n<li>Connaissances informatiques de base et capacit\u00e9 de d\u00e9pannage technique. <\/li>\n<li>Vous \u00eates disponible pour travailler principalement le soir et les fins de semaine. <\/li>\n<li>Vous parlez couramment l&rsquo;anglais (les personnes qui parlent couramment le fran\u00e7ais peuvent \u00eatre consid\u00e9r\u00e9es pour des postes bilingues).<\/li>\n<\/ul>\n<h2>\n\t\tComment postuler\n\t<\/h2>\n\t<p>Veuillez vous abstenir de toute demande de renseignements par t\u00e9l\u00e9phone concernant ce poste.<\/p>\n\t<p>Veuillez transmettre un C.-V. et une lettre de motivation \u00e0 l&rsquo;adresse suivante : <a href=\"mailto:jobs@stratcom.ca\" target=\"_blank\" rel=\"noopener\">jobs@stratcom.ca<\/a><\/p>\n\t<p>Veuillez noter que nous appr\u00e9cions toutes les candidatures re\u00e7ues, mais que nous contacterons seulement les personnes retenues pour une entrevue.<\/p>\n","protected":false},"excerpt":{"rendered":"<p>t\u00e9l\u00e9phoniste \u00e0 la collecte de fonds en centre d&rsquo;appels Contribuez \u00e0 changer le monde, un appel \u00e0 la fois Accueil Contact \u00c0 propos de l&#8217;emploi Description Vous \u00eates passionn\u00e9(e) par les organisations progressistes, politiques et sans but lucratif ? Avez-vous des talents hors pair pour la communication ? Voulez-vous aider les organisations \u00e0 rendre le&hellip;<\/p>\n","protected":false},"author":1,"featured_media":0,"parent":4465,"menu_order":0,"comment_status":"closed","ping_status":"closed","template":"","meta":{"inline_featured_image":false,"footnotes":""},"class_list":["post-5057","page","type-page","status-publish","hentry"],"jetpack_sharing_enabled":true,"_links":{"self":[{"href":"https:\/\/www.stratcom.ca\/fr\/wp-json\/wp\/v2\/pages\/5057","targetHints":{"allow":["GET"]}}],"collection":[{"href":"https:\/\/www.stratcom.ca\/fr\/wp-json\/wp\/v2\/pages"}],"about":[{"href":"https:\/\/www.stratcom.ca\/fr\/wp-json\/wp\/v2\/types\/page"}],"author":[{"embeddable":true,"href":"https:\/\/www.stratcom.ca\/fr\/wp-json\/wp\/v2\/users\/1"}],"replies":[{"embeddable":true,"href":"https:\/\/www.stratcom.ca\/fr\/wp-json\/wp\/v2\/comments?post=5057"}],"version-history":[{"count":0,"href":"https:\/\/www.stratcom.ca\/fr\/wp-json\/wp\/v2\/pages\/5057\/revisions"}],"up":[{"embeddable":true,"href":"https:\/\/www.stratcom.ca\/fr\/wp-json\/wp\/v2\/pages\/4465"}],"wp:attachment":[{"href":"https:\/\/www.stratcom.ca\/fr\/wp-json\/wp\/v2\/media?parent=5057"}],"curies":[{"name":"wp","href":"https:\/\/api.w.org\/{rel}","templated":true}]}}